{"id":57,"date":"2020-09-19T16:45:09","date_gmt":"2020-09-19T14:45:09","guid":{"rendered":"https:\/\/ediptix.net\/?page_id=57"},"modified":"2020-09-30T22:45:49","modified_gmt":"2020-09-30T20:45:49","slug":"analog-exploration-of-acuriosity-cabinet","status":"publish","type":"page","link":"https:\/\/ediptix.net\/en\/47-2\/analog-exploration-of-acuriosity-cabinet\/","title":{"rendered":"Analog Exploration Of A Curiosity Cabinet"},"content":{"rendered":"\n<h6 class=\"has-text-align-center wp-block-heading\">Analog Exploration of a Curiosity Cabinet is our second album released on December 2018.<\/h6>\n\n\n\n<div class=\"wp-block-columns are-vertically-aligned-center is-layout-flex wp-container-core-columns-is-layout-1 wp-block-columns-is-layout-flex\">\n<div class=\"wp-block-column is-vertically-aligned-center is-layout-flow wp-block-column-is-layout-flow\">\n<figure class=\"wp-block-embed-spotify aligncenter wp-block-embed is-type-rich is-provider-spotify wp-embed-aspect-9-16 wp-has-aspect-ratio\"><div class=\"wp-block-embed__wrapper\">\n<iframe title=\"Spotify Embed: Analog Exploration of a Curiosity Cabinet\" style=\"border-radius: 12px\" width=\"100%\" height=\"380\" frameborder=\"0\" allowfullscreen allow=\"autoplay; clipboard-write; encrypted-media; fullscreen; picture-in-picture\" loading=\"lazy\" src=\"https:\/\/open.spotify.com\/embed\/album\/08YfORaTeBCJoWNbg0mhvO?si=JI7dBFo9T1e0i_l80MhazA&#038;utm_source=oembed\"><\/iframe>\n<\/div><\/figure>\n<\/div>\n\n\n\n<div class=\"wp-block-column is-vertically-aligned-center is-layout-flow wp-block-column-is-layout-flow\">\n<p>1 Overture 4:36<br>2 Funkytar 7:39<br>3 Digi Door 5:19<br>4 A New Start 6:43<br>5 Airplane 7:37<br>6 Rack Time 8:57<br>7 Micron Phone 7:25<br>8 Entourloop 2:52<br>9 Am\u00e9lie Requiem 4:58<br>10 Slowneliness 6:43<br>11 Violins Rain 6:35<br>12 Odd Syn 11:34<br>13 A New Start (Instrumental) 6:43<\/p>\n<\/div>\n<\/div>\n\n\n\n<p class=\"has-text-align-center\">This album is our first publication on streaming platforms under the Freaksville records label (December 20th 2019).<\/p>\n\n\n\n<p><strong>01 Overture<br><\/strong>Creation Date : 01-08-18<br>Finishing Date : unknown<\/p>\n\n\n\n<ul><li>Instruments : OP-1, Novation MiniNova, Korg Z1, Cubase<\/li><li>Samples : 2001 l\u2019Odyss\u00e9e de l\u2019Espace \u2018Open the Pod HAL\u2019<\/li><li>Music : EdiptiX<\/li><li>Lyrics : N\/A<\/li><li>Vocal : N\/A<\/li><\/ul>\n\n\n\n<pre class=\"wp-block-verse\">Anecdote : Esynth dreamed of doing something with one of his favourite movie \"2001: A Space Odyssey\". It is now done!<\/pre>\n\n\n\n<hr class=\"wp-block-separator is-style-wide\"\/>\n\n\n\n<p><strong>02 Funky Guitar (Funkytar)<br><\/strong>Creation Date : 01-05-18<br>Finishing Date : 01-10-18<\/p>\n\n\n\n<ul><li>Instruments : Roland D50, Yamaha EX7, Waldorf \u00b5Q, Novation MiniNova Cubase, GrooveAgent 4, HALion Symphonic Orchestra, Triebwerk, hALion 6, Padshop, The Grand 3<\/li><li>Samples : Brass Riff, Guitar Loop, Disco Crow<\/li><li>Music : EdiptiX<\/li><li>Lyrics : N\/A<\/li><li>Vocal : N\/A<\/li><\/ul>\n\n\n\n<pre class=\"wp-block-verse\">Anecdote : This track combines 2 distinct ideas :\n(1) one song with a disco\/funky guitar riff, something like Daft Punk did in \u2018Get Lucky\u2019 and\n(2) a track based on the Absolute 3 VST from Steinberg we just acquired.\nAll finally ends up in one single track instead of two. Okay, the guitar sample is a bit tweaked and does no longer really sounds funky... Only the title remains...<\/pre>\n\n\n\n<hr class=\"wp-block-separator is-style-wide\"\/>\n\n\n\n<p><strong>03 Digi Door<br><\/strong>Creation Date : 01-03-18<br>Finishing Date : 01-09-18<\/p>\n\n\n\n<ul><li>Instruments : Waldorf \u00b5Q, Alesis Micron, Novation MiniNova Cubase, GrooveAgent 4<\/li><li>Samples :<\/li><li>Music : EdiptiX<\/li><li>Lyrics : N\/A<\/li><li>Vocal : N\/A<\/li><\/ul>\n\n\n\n<pre class=\"wp-block-verse\">Anecdote : a former composition from Esynth taken out from the boxes and revisited the \"EdiptiX\" way.<\/pre>\n\n\n\n<hr class=\"wp-block-separator is-style-wide\"\/>\n\n\n\n<p><strong>04 New Start<br><\/strong>Creation Date : 01-07-17<br>Finishing Date : 01-09-18<\/p>\n\n\n\n<ul><li>Instruments : Novation MiniNova Cubase, GrooveAgent 4, Hypnotic Dance, HALion 2, Halion Sonic SE<\/li><li>Samples :<\/li><li>Music : EdiptiX<\/li><li>Lyrics : Esynth<\/li><li>Vocal : VicomtiX<\/li><\/ul>\n\n\n\n<pre class=\"wp-block-verse\">Anecdote : yet another former composition from Esynth taken out from the boxes and revisited the \"EdiptiX\" way. The most joyfull and optimist track of this album.<\/pre>\n\n\n\n<hr class=\"wp-block-separator is-style-wide\"\/>\n\n\n\n<p><strong>05 Airplane<br><\/strong>Creation Date : 01-05-18<br>Finishing Date : 01-10-18<\/p>\n\n\n\n<ul><li>Instruments : Novation MiniNova, Waldorf \u00b5Q Cubase, GrooveAgent 4, HALion 6<\/li><li>Samples : Surdo, Tenor Drum<\/li><li>Music : EdiptiX<\/li><li>Lyrics : N\/A<\/li><li>Vocal : N\/A<\/li><\/ul>\n\n\n\n<pre class=\"wp-block-verse\">Anecdote : a track symbolizing an airplane journey: from take-off to landing we hover in physical and virtual synthesizers with a small tribal touch.<\/pre>\n\n\n\n<hr class=\"wp-block-separator is-style-wide\"\/>\n\n\n\n<p><strong>06 Rack Time<br><\/strong>Creation Date : 01-06-18<br>Finishing Date : 01-10-18<\/p>\n\n\n\n<ul><li>Instruments : Syncussion DMR-1, Arturia MiniBrute, Novation MiniNova Cubase, GrooveAgent 4, HALion 6<\/li><li>Samples :<\/li><li>Music : EdiptiX<\/li><li>Lyrics : N\/A<\/li><li>Vocal : N\/A<\/li><\/ul>\n\n\n\n<pre class=\"wp-block-verse\">Anecdote : the initial title 'Ragtime' was inspired by a piano track. It turned into 'Rack Time' as we use the 'rack' synthesizers of Esynth. Thank you Waldorf!<\/pre>\n\n\n\n<hr class=\"wp-block-separator is-style-wide\"\/>\n\n\n\n<p><strong>07 Micron Phone<br><\/strong>Creation Date : 01-02-18<br>Finishing Date : 01-10-18<\/p>\n\n\n\n<ul><li>Instruments : Alesis Micron, Novation MiniNova, Waldorf \u00b5Q, DSI Evolver Cubase, GrooveAgent 4, HALion Sonic<\/li><li>Samples :<\/li><li>Music : EdiptiX<\/li><li>Lyrics : N\/A<\/li><li>Vocal : N\/A<\/li><\/ul>\n\n\n\n<pre class=\"wp-block-verse\">Anecdote : the title of this track is derived from the main instrument used to compose it: the Alesis Micron, last acquisition of Esynth. Let's use it as long as it works!<\/pre>\n\n\n\n<hr class=\"wp-block-separator is-style-wide\"\/>\n\n\n\n<p><strong>08 Entoureloop<br><\/strong>Creation Date : 01-06-18<br>Finishing Date : 01-10-18<\/p>\n\n\n\n<ul><li>Instruments : Boss RC-505 Cubase, GrooveAgent 4<\/li><li>Samples :<\/li><li>Music : EdiptiX<\/li><li>Lyrics : N\/A<\/li><li>Vocal : N\/A<\/li><\/ul>\n\n\n\n<pre class=\"wp-block-verse\">Anecdote : yet some samples stored in the RC-505.\u2026recorded during a jam (who knows when?). We are not going to throw them away, especially when they produce this little heady track.<\/pre>\n\n\n\n<hr class=\"wp-block-separator is-style-wide\"\/>\n\n\n\n<p><strong>09 Am\u00e9lie Requiem<br><\/strong>Creation Date : 01-07-18<br>Finishing Date : 01-09-18<\/p>\n\n\n\n<ul><li>Instruments : Roland D50, Korg Z1 Cubase, GrooveAgent 4, HALion 6, Dark Planet<\/li><li>Samples : FX<\/li><li>Music : EdiptiX<\/li><li>Lyrics : N\/A<\/li><li>Vocal : N\/A<\/li><\/ul>\n\n\n\n<pre class=\"wp-block-verse\">Anecdote : yet another former composition from Esynth taken out from the boxes and revisited the \"EdiptiX\" way. But who is Am\u00e9lie? A former love conquest of Esynth? A fantasy? Am\u00e9lie Nothomb? Am\u00e9lie Poulain? Nobobdy? A coincidence? It doesn't really matter, she is now honoured by her requiem. Rest in peace!<\/pre>\n\n\n\n<hr class=\"wp-block-separator is-style-wide\"\/>\n\n\n\n<p><strong>10 Slowneliness<br><\/strong>Creation Date : 01-01-18<br>Finishing Date : 01-02-18<\/p>\n\n\n\n<ul><li>Instruments : Boss RC-505, Roland GAIA SH-01, Roland D50, Yamaha EX7, Arturia MninBrute Cubase, GrooveAgent 4<\/li><li>Samples : N\/A<\/li><li>Music : EdiptiX<\/li><li>Lyrics : N\/A<\/li><li>Vocal : N\/A<\/li><\/ul>\n\n\n\n<pre class=\"wp-block-verse\">Anecdote : this track is our version of 'Vice et Versa' from Taxen 200 (Les Inconnus)... well, not anymore. We started with the idea to make a cover of that song but, when warming up on the machines, we recorded a few loops on the RC-505 recently bought by Esynth. We later on wrap them up into beats (we had to try the GA-4 for the first time). This track is the first one we composed for this album.<\/pre>\n\n\n\n<hr class=\"wp-block-separator is-style-wide\"\/>\n\n\n\n<p><strong>11 Violins Rain<br><\/strong>Creation Date : 01-07-18<br>Finishing Date : 01-10-18<\/p>\n\n\n\n<ul><li>Instruments : Waldorf Streichfett, Novation MiniNova, Roland D50 Cubase, HALion Sonic<\/li><li>Samples : Distant thunder, Heavy thunder, Light Rain, Rain Droplets<\/li><li>Music : EdiptiX<\/li><li>Lyrics : N\/A<\/li><li>Vocal : N\/A<\/li><\/ul>\n\n\n\n<pre class=\"wp-block-verse\">Anecdote : yet another former composition from Esynth taken out from the boxes and revisited the \"EdiptiX\" way. A track with sounds recollecting the barbarian organ or the universe of the circus and the fairgrounds from the beginning of the 20th century. We don't know which creature cries in the darkness.<\/pre>\n","protected":false},"excerpt":{"rendered":"<p>Analog Exploration of a Curiosity Cabinet is our second album released on December 2018. 1 Overture 4:362 Funkytar 7:393 Digi Door 5:194 A New Start 6:435 Airplane 7:376 Rack Time 8:577 Micron Phone 7:258 Entourloop 2:529 Am\u00e9lie Requiem 4:5810 Slowneliness 6:4311 Violins Rain 6:3512 Odd Syn 11:3413 A New Start (Instrumental) 6:43 This album is &hellip; <\/p>\n<p class=\"link-more\"><a href=\"https:\/\/ediptix.net\/en\/47-2\/analog-exploration-of-acuriosity-cabinet\/\" class=\"more-link\">Continue reading<span class=\"screen-reader-text\"> &#8220;Analog Exploration Of A Curiosity Cabinet&#8221;<\/span><\/a><\/p>\n","protected":false},"author":1,"featured_media":104,"parent":47,"menu_order":0,"comment_status":"closed","ping_status":"closed","template":"template-full.php","meta":{"footnotes":""},"_links":{"self":[{"href":"https:\/\/ediptix.net\/en\/wp-json\/wp\/v2\/pages\/57"}],"collection":[{"href":"https:\/\/ediptix.net\/en\/wp-json\/wp\/v2\/pages"}],"about":[{"href":"https:\/\/ediptix.net\/en\/wp-json\/wp\/v2\/types\/page"}],"author":[{"embeddable":true,"href":"https:\/\/ediptix.net\/en\/wp-json\/wp\/v2\/users\/1"}],"replies":[{"embeddable":true,"href":"https:\/\/ediptix.net\/en\/wp-json\/wp\/v2\/comments?post=57"}],"version-history":[{"count":10,"href":"https:\/\/ediptix.net\/en\/wp-json\/wp\/v2\/pages\/57\/revisions"}],"predecessor-version":[{"id":342,"href":"https:\/\/ediptix.net\/en\/wp-json\/wp\/v2\/pages\/57\/revisions\/342"}],"up":[{"embeddable":true,"href":"https:\/\/ediptix.net\/en\/wp-json\/wp\/v2\/pages\/47"}],"wp:featuredmedia":[{"embeddable":true,"href":"https:\/\/ediptix.net\/en\/wp-json\/wp\/v2\/media\/104"}],"wp:attachment":[{"href":"https:\/\/ediptix.net\/en\/wp-json\/wp\/v2\/media?parent=57"}],"curies":[{"name":"wp","href":"https:\/\/api.w.org\/{rel}","templated":true}]}}