{"id":25,"date":"2020-09-19T15:35:08","date_gmt":"2020-09-19T13:35:08","guid":{"rendered":"https:\/\/ediptix.net\/?page_id=25"},"modified":"2021-06-06T21:35:18","modified_gmt":"2021-06-06T19:35:18","slug":"about-us","status":"publish","type":"page","link":"https:\/\/ediptix.net\/fr\/","title":{"rendered":"A propos"},"content":{"rendered":"\n<p>E-DIPTI-X est un groupe de musique \u00e9lectronique cr\u00e9\u00e9 fin 2016 par 2 amis, tous deux amateurs \u00e9clair\u00e9s de musique.<\/p>\n\n\n\n<p>L&rsquo;un passionn\u00e9 de synth\u00e9tiseurs, est un clavi\u00e9riste qui a fait partie de groupes de rock progressif (The Audience is Listening, The Black Doves, The Hooded Moon) tandis que l\u2019autre est un ancien DJ passionn\u00e9 de son.<\/p>\n\n\n\n<p>Tous deux ont grandi dans la d\u00e9cennie qui a vu na\u00eetre le r\u00e8gne du synth\u00e9tiseur, \u00e0 savoir les ann\u00e9es 80. Ils sont impr\u00e9gn\u00e9s par les sons de synth\u00e9s l\u00e9gendaires tels que les D-50, DX7, Prophet, Fairlight CMI, TB-03, TR-808, TR-909\u2026<\/p>\n\n\n\n<p>Inutile de dire que leur inspiration et leurs sentiments sont profond\u00e9ment ancr\u00e9s dans la chaleur des sons analogiques tout en restant \u00e0 la pointe de la technologie.<br>Leur musique peut \u00eatre qualifi\u00e9e d\u2019\u00e9lectronique avec une touche de pop, un soup\u00e7on d\u2019ambient et de chill-out, le tout envelopp\u00e9 dans une approche progressive.<\/p>\n\n\n\n<p>Ils sont d\u00e9sireux d\u2019exp\u00e9rimenter diff\u00e9rentes approches dans leur processus de cr\u00e9ation\u2026 et s\u2019ouvrent maintenant de nouveaux horizons en initiant plusieurs collaborations avec d\u2019autres passionn\u00e9s.<\/p>\n","protected":false},"excerpt":{"rendered":"<p>E-DIPTI-X est un groupe de musique \u00e9lectronique cr\u00e9\u00e9 fin 2016 par 2 amis, tous deux amateurs \u00e9clair\u00e9s de musique. L&rsquo;un passionn\u00e9 de synth\u00e9tiseurs, est un clavi\u00e9riste qui a fait partie de groupes de rock progressif (The Audience is Listening, The Black Doves, The Hooded Moon) tandis que l\u2019autre est un ancien DJ passionn\u00e9 de son. &hellip; <\/p>\n<p class=\"link-more\"><a href=\"https:\/\/ediptix.net\/fr\/\" class=\"more-link\">Continue reading<span class=\"screen-reader-text\"> \u00ab\u00a0A propos\u00a0\u00bb<\/span><\/a><\/p>\n","protected":false},"author":1,"featured_media":245,"parent":0,"menu_order":0,"comment_status":"closed","ping_status":"closed","template":"template-full.php","meta":{"footnotes":""},"_links":{"self":[{"href":"https:\/\/ediptix.net\/fr\/wp-json\/wp\/v2\/pages\/25"}],"collection":[{"href":"https:\/\/ediptix.net\/fr\/wp-json\/wp\/v2\/pages"}],"about":[{"href":"https:\/\/ediptix.net\/fr\/wp-json\/wp\/v2\/types\/page"}],"author":[{"embeddable":true,"href":"https:\/\/ediptix.net\/fr\/wp-json\/wp\/v2\/users\/1"}],"replies":[{"embeddable":true,"href":"https:\/\/ediptix.net\/fr\/wp-json\/wp\/v2\/comments?post=25"}],"version-history":[{"count":4,"href":"https:\/\/ediptix.net\/fr\/wp-json\/wp\/v2\/pages\/25\/revisions"}],"predecessor-version":[{"id":191,"href":"https:\/\/ediptix.net\/fr\/wp-json\/wp\/v2\/pages\/25\/revisions\/191"}],"wp:featuredmedia":[{"embeddable":true,"href":"https:\/\/ediptix.net\/fr\/wp-json\/wp\/v2\/media\/245"}],"wp:attachment":[{"href":"https:\/\/ediptix.net\/fr\/wp-json\/wp\/v2\/media?parent=25"}],"curies":[{"name":"wp","href":"https:\/\/api.w.org\/{rel}","templated":true}]}}