{"id":291,"date":"2021-06-27T21:08:54","date_gmt":"2021-06-27T19:08:54","guid":{"rendered":"https:\/\/ediptix.net\/en\/?page_id=291"},"modified":"2021-09-18T11:13:28","modified_gmt":"2021-09-18T09:13:28","slug":"fragments-of-a-new-horizon-blooming","status":"publish","type":"page","link":"https:\/\/ediptix.net\/fr\/47-2\/fragments-of-a-new-horizon-blooming\/","title":{"rendered":"Fragments of a New Horizon &#8211; Blooming"},"content":{"rendered":"\n<div class=\"wp-block-columns is-layout-flex wp-container-core-columns-is-layout-1 wp-block-columns-is-layout-flex\">\n<div class=\"wp-block-column is-layout-flow wp-block-column-is-layout-flow\"><p><iframe loading=\"lazy\" src=\"https:\/\/open.spotify.com\/embed\/album\/7APEKt01lhmVnAERgUF5La\" width=\"100%\" height=\"280\" frameborder=\"0\" allowtransparency=\"true\" allow=\"encrypted-media\"><\/iframe><\/p>\n<\/div>\n\n\n\n<div class=\"wp-block-column is-layout-flow wp-block-column-is-layout-flow\">\n<ul><li>1 &#8211; Magic (6:16)<\/li><li>2 &#8211; EdiptiX March (4:08)<\/li><li>3 &#8211; Flute and Drops Wonder (3:33)<\/li><li>4 &#8211; Dame Nature (3:57)<\/li><li>5 &#8211; Laisse toi porter (4:56)<\/li><\/ul>\n\n\n\n<p><\/p>\n<\/div>\n<\/div>\n\n\n\n<p class=\"has-text-align-center\">Cet album est disponible sur les plateformes de streaming sous le label Hello Birds Records (Freaksville records) depuis le 23 juillet 2021.<\/p>\n\n\n\n<hr class=\"wp-block-separator\"\/>\n\n\n\n<p>Cette ann\u00e9e notre nouvelle production s&rsquo;effectuera sous forme d&rsquo;un diptyque ! Le premier chapitre est comme une \u00ab\u00a0\u00e9closion\u00a0\u00bb de morceaux au format pop,  r\u00e9sultat d&rsquo;une exploration de diff\u00e9rents genres et de nouvelles collaborations.<\/p>\n\n\n\n<hr class=\"wp-block-separator\"\/>\n\n\n\n<p><strong>01 Magic<br><\/strong>Date de cr\u00e9ation : f\u00e9vrier 2020<br>Date de finalisation : janvier 2021<\/p>\n\n\n\n<ul><li>Instruments : DSI Rev 2, Waldorf Kyra<\/li><li>VST : Groove Agent<\/li><li>Samples : NA<\/li><li>Musique : E-dipti-X<\/li><li>Paroles : NA<\/li><li>Chant : NA<\/li><\/ul>\n\n\n\n<pre class=\"wp-block-verse\">Anecdote : Il parait qu'on peut faire une multitude de chansons simplement avec 4 accords magiques. Et si on tentait l'exp\u00e9rience nous aussi\u2026 simple mais efficace.<\/pre>\n\n\n\n<p><strong>02 Ediptix March<br><\/strong>Date de cr\u00e9ation : f\u00e9vrier 2020<br>Date de finalisation : janvier 2021<\/p>\n\n\n\n<ul><li>Instruments : DSI Rev 2, Korg Kronos 2<\/li><li>VST : Halion 6, Arturia DX7 V<\/li><li>Samples : NA<\/li><li>Musique : E-dipti-X<\/li><li>Paroles : NA<\/li><li>Chant : NA<\/li><\/ul>\n\n\n\n<pre class=\"wp-block-verse\">Anecdote : Une mini jam aux accents m\u00e9di\u00e9vaux enregistr\u00e9e sur smartphone, rejou\u00e9e et travaill\u00e9e ensuite. On s'est ensuite aper\u00e7u que la Bacchanle de Camille Saint-Sa\u00ebns r\u00e9-interpr\u00e9t\u00e9e par EdiptiX s'y fondait parfaitement.<\/pre>\n\n\n\n<p><strong>03 Flute &#038; Drops Wonder<br><\/strong>Date de cr\u00e9ation : f\u00e9vrier 2020<br>Date de finalisation : janvier 2021<\/p>\n\n\n\n<ul><li>Instruments : NA<\/li><li>VST : Groove Agent, Halion 6, Arturia CS-80 V, SEM V, Mellotron V, Piano V<\/li><li>Samples : NA<\/li><li>Musique : E-dipti-X<\/li><li>Paroles : NA<\/li><li>Chant : NA<\/li><\/ul>\n\n\n\n<pre class=\"wp-block-verse\">Anecdote : 2020 devait \u00eatre l'ann\u00e9e o\u00f9 nous explorions de nouvelles voies et collaborations. Tentative de s'immiscer dans le monde du jazz avec ce morceau qui fusionne ensuite avec le dubstep.<\/pre>\n\n\n\n<p><strong>04 Dame Nature<br><\/strong>Date de cr\u00e9ation : avril 2020<br>Date de finalisation : d\u00e9cembre 2020<\/p>\n\n\n\n<ul><li>Instruments : Korg Kronos 2<\/li><li>VST : Groove Agent, Break Tweaker, Omnisphere 2<\/li><li>Samples : NA<\/li><li>Musique : Esynth<\/li><li>Paroles : Sylvie-Line, E-dipti-X<\/li><li>Chant : Sylvie-Line<\/li><\/ul>\n\n\n\n<pre class=\"wp-block-verse\">Anecdote : 2020 devait \u00eatre l'ann\u00e9e des collaborations\u2026 le Covid est venu quelque peu perturber nos ambitions. Heureusement, une de ces collaborations a abouti. Sylvie-Line avait \u00e9crit le texte de Dame Nature bien avant la pand\u00e9mie, une nature que nous, \u00eatres humains, avons fortement tendance \u00e0 n\u00e9gliger. Fallait-il y voir un pr\u00e9sage, la nature ne nous lance-t'elle pas un cri d'alarme, ne tente-t'elle pas d'\u00e9lever notre conscience en nous envoyant ce virus?<\/pre>\n\n\n\n<p><strong>05 Laisse-toi Porter<br><\/strong>Date de cr\u00e9ation : avril 2020<br>Date de finalisation : d\u00e9cembre 2020<\/p>\n\n\n\n<ul><li>Instruments : DSI Rev 2, Waldorf Kyra<\/li><li>VST : Groove Agent<\/li><li>Samples : NA<\/li><li>Musique : E-dipti-X<\/li><li>Paroles : NA<\/li><li>Chant : NA<\/li><\/ul>\n\n\n\n<pre class=\"wp-block-verse\">Anecdote : Esynth nous livre un morceau simple, pur et touchant ! Initialement \u00e9crit pour sa fille, il t\u00e9moigne de sa timidit\u00e9 d'alors et des regrets. Il est amusant de comprendre que ce texte se voulait positif, un peu \u00e0 l'image d'une lib\u00e9ration, alors que le ton appara\u00eet encore tr\u00e8s m\u00e9lancolique.<\/pre>\n","protected":false},"excerpt":{"rendered":"<p>1 &#8211; Magic (6:16) 2 &#8211; EdiptiX March (4:08) 3 &#8211; Flute and Drops Wonder (3:33) 4 &#8211; Dame Nature (3:57) 5 &#8211; Laisse toi porter (4:56) Cet album est disponible sur les plateformes de streaming sous le label Hello Birds Records (Freaksville records) depuis le 23 juillet 2021. Cette ann\u00e9e notre nouvelle production s&rsquo;effectuera &hellip; <\/p>\n<p class=\"link-more\"><a href=\"https:\/\/ediptix.net\/fr\/47-2\/fragments-of-a-new-horizon-blooming\/\" class=\"more-link\">Continue reading<span class=\"screen-reader-text\"> \u00ab\u00a0Fragments of a New Horizon &#8211; Blooming\u00a0\u00bb<\/span><\/a><\/p>\n","protected":false},"author":1,"featured_media":269,"parent":47,"menu_order":0,"comment_status":"closed","ping_status":"closed","template":"","meta":{"footnotes":""},"_links":{"self":[{"href":"https:\/\/ediptix.net\/fr\/wp-json\/wp\/v2\/pages\/291"}],"collection":[{"href":"https:\/\/ediptix.net\/fr\/wp-json\/wp\/v2\/pages"}],"about":[{"href":"https:\/\/ediptix.net\/fr\/wp-json\/wp\/v2\/types\/page"}],"author":[{"embeddable":true,"href":"https:\/\/ediptix.net\/fr\/wp-json\/wp\/v2\/users\/1"}],"replies":[{"embeddable":true,"href":"https:\/\/ediptix.net\/fr\/wp-json\/wp\/v2\/comments?post=291"}],"version-history":[{"count":12,"href":"https:\/\/ediptix.net\/fr\/wp-json\/wp\/v2\/pages\/291\/revisions"}],"predecessor-version":[{"id":371,"href":"https:\/\/ediptix.net\/fr\/wp-json\/wp\/v2\/pages\/291\/revisions\/371"}],"up":[{"embeddable":true,"href":"https:\/\/ediptix.net\/fr\/wp-json\/wp\/v2\/pages\/47"}],"wp:featuredmedia":[{"embeddable":true,"href":"https:\/\/ediptix.net\/fr\/wp-json\/wp\/v2\/media\/269"}],"wp:attachment":[{"href":"https:\/\/ediptix.net\/fr\/wp-json\/wp\/v2\/media?parent=291"}],"curies":[{"name":"wp","href":"https:\/\/api.w.org\/{rel}","templated":true}]}}