{"id":387,"date":"2021-10-15T18:25:12","date_gmt":"2021-10-15T16:25:12","guid":{"rendered":"https:\/\/ediptix.net\/fr\/?page_id=387"},"modified":"2021-10-15T19:22:31","modified_gmt":"2021-10-15T17:22:31","slug":"persistence","status":"publish","type":"page","link":"https:\/\/ediptix.net\/fr\/47-2\/persistence\/","title":{"rendered":"Fragments of a new horizon &#8211; Persistence"},"content":{"rendered":"\n<div class=\"wp-block-columns is-layout-flex wp-container-core-columns-is-layout-1 wp-block-columns-is-layout-flex\">\n<div class=\"wp-block-column is-layout-flow wp-block-column-is-layout-flow\">\n<figure class=\"wp-block-embed is-type-rich is-provider-spotify wp-block-embed-spotify wp-embed-aspect-21-9 wp-has-aspect-ratio\"><div class=\"wp-block-embed__wrapper\">\n<iframe loading=\"lazy\" title=\"Spotify Embed: Fragments of a New Horizon - Persistence\" width=\"100%\" height=\"380\" frameborder=\"0\" allowfullscreen allow=\"autoplay; clipboard-write; encrypted-media; fullscreen; picture-in-picture\" src=\"https:\/\/open.spotify.com\/embed\/album\/2c5y4xPn82sF3VKcIezH4E?si=kux5ZMmqRdiYGBaxUqKlfg\"><\/iframe>\n<\/div><\/figure>\n<\/div>\n\n\n\n<div class=\"wp-block-column is-layout-flow wp-block-column-is-layout-flow\">\n<ol><li>Commute (2:02)<\/li><li>Sweet Feelings (5:41)<\/li><li>Vo1Zes (5:54)<\/li><li>Whilry Curly (4:48)<\/li><li>M7 Recovery (12:37)<\/li><li>Even Jam Has an End (10:05)<\/li><\/ol>\n<\/div>\n<\/div>\n\n\n\n<p>Cet EP est disponible sur les plateformes de streaming sous le label Hello Birds Records (Freaksville records) depuis le 15 octobre 2021.<\/p>\n\n\n\n<hr class=\"wp-block-separator\"\/>\n\n\n\n<p>Persistence est le second volet du diptyque Fragments of a New Horizon. Un nouveau voyage sensationnel parmi des morceaux instrumentaux progressifs, fond\u00e9s sur des sons analogiques, des pads a\u00e9r\u00e9s et des cordes iconiques.<\/p>\n\n\n\n<hr class=\"wp-block-separator\"\/>\n\n\n\n<p><strong>01 Commute<\/strong><\/p>\n\n\n\n<p>Creation date: November 2020<br>Finishing date: January 2021<\/p>\n\n\n\n<ul><li>Instruments: Wavestate<\/li><li>VST: Arturia Mellotron<\/li><li>Samples : M\u00e9tro de Paris<\/li><li>Music: E-dipti-X<\/li><li>Lyrics: NA<\/li><li>Vocal: NA<\/li><\/ul>\n\n\n\n<pre class=\"wp-block-preformatted\">Nous cherchions \u00e0 int\u00e9grer un bruit de train dans 'Sweet Feelings'. Cela s'est transform\u00e9 en bruit de m\u00e9tro que nous empruntons pour rejoindre la seconde partie de l'album plus conventionnel\u2026 au sens Ediptix du terme.<\/pre>\n\n\n\n<hr class=\"wp-block-separator\"\/>\n\n\n\n<p><strong>02 Sweet Feelings<\/strong><\/p>\n\n\n\n<p>Creation date: April 2020<br>Finishing date: December 2020<\/p>\n\n\n\n<ul><li>Instruments: Wavestate<\/li><li>VST: Arturia Mellotron, CS-80, CZ, Prophet, CMI; Loopmash, Halion 6, Stutter Edit<\/li><li>Samples : NA<\/li><li>Music: E-dipti-X<\/li><li>Lyrics: NA<\/li><li>Vocal: NA<\/li><\/ul>\n\n\n\n<pre class=\"wp-block-preformatted\">Au d\u00e9part un simple arp\u00e8ge de notes jou\u00e9es  sur le magnifique Mellotron. Le tout agr\u00e9ment\u00e9 d'une ligne de basse. Un ou deux copier\/coller pour donner une structure. Ce morceau 'spartiate' nous aura fait suer pour finir en pi\u00e8ce magistrale. Et ce son de Mellotron, un r\u00e9gal pour l'ou\u00efe.<\/pre>\n\n\n\n<hr class=\"wp-block-separator\"\/>\n\n\n\n<p><strong>03 Vo1Zes<\/strong><\/p>\n\n\n\n<p>Creation date: July 2019<br>Finishing date: January 2021<\/p>\n\n\n\n<ul><li>Instruments: DSI Rev2, Korg Z1<\/li><li>VST: Groove Agent<\/li><li>Samples : Home made (index finger on a coffee cup)<\/li><li>Music: E-dipti-X<\/li><li>Lyrics: NA<\/li><li>Vocal: NA<\/li><\/ul>\n\n\n\n<pre class=\"wp-block-preformatted\">Une jam faite en 2019 quand on pouvait \u00eatre \u00e0 2 dans le studio (le bon vieux temps) et qui n'avait pas trouv\u00e9 sa place sur le d\u00e9j\u00e0 bien fourni 3\u00e8me album. Le Z1 y est mis \u00e0 l'honneur.<\/pre>\n\n\n\n<hr class=\"wp-block-separator\"\/>\n\n\n\n<p><strong>04 Whirly Curly<\/strong><\/p>\n\n\n\n<p>Creation date: May 2019<br>Finishing date: January 2021<\/p>\n\n\n\n<ul><li>Instruments: DSI Rev2, Korg Z1, Roland Sonic Cell<\/li><li>VST: Groove Agent<\/li><li>Samples : NA<\/li><li>Music: E-dipti-X<\/li><li>Lyrics: NA<\/li><li>Vocal: NA<\/li><\/ul>\n\n\n\n<pre class=\"wp-block-preformatted\">Tiens, encore une jam de 2019 que nous avions gard\u00e9 bien heureusement en r\u00e9serve\u2026<\/pre>\n\n\n\n<hr class=\"wp-block-separator\"\/>\n\n\n\n<p><strong>05 M7 Recovery<\/strong><\/p>\n\n\n\n<p>Creation date: November 2020<br>Finishing date: December 2020<\/p>\n\n\n\n<ul><li>Instruments: DRM1, Hydrasynth, Korg Z1, Lyra 8<\/li><li>VST: NA<\/li><li>Samples : NA<\/li><li>Music: Esynth<\/li><li>Lyrics: NA<\/li><li>Vocal: NA<\/li><\/ul>\n\n\n\n<pre class=\"wp-block-preformatted\">Esynth tente une perc\u00e9e analogique dans un univers plus abstrait aux sonorit\u00e9s plus chaotiques. Une r\u00e9ussite!<\/pre>\n\n\n\n<hr class=\"wp-block-separator\"\/>\n\n\n\n<p><strong>06 Even Jam Has an End<\/strong><\/p>\n\n\n\n<p>Creation date: October 2020<br>Finishing date: January 2021<\/p>\n\n\n\n<ul><li>Instruments: DSI Rev2, Wavestate<\/li><li>VST: NA<\/li><li>Samples : NA<\/li><li>Music: E-dipti-X<\/li><li>Lyrics: NA<\/li><li>Vocal: NA<\/li><\/ul>\n\n\n\n<pre class=\"wp-block-preformatted\">Entre 2 confinement, la seule opportunit\u00e9 de cette ann\u00e9e 2020 pour nous faire une jam comme on les aime. Le meilleur vous est pr\u00e9sent\u00e9 dans cette version.<\/pre>\n","protected":false},"excerpt":{"rendered":"<p>Commute (2:02) Sweet Feelings (5:41) Vo1Zes (5:54) Whilry Curly (4:48) M7 Recovery (12:37) Even Jam Has an End (10:05) Cet EP est disponible sur les plateformes de streaming sous le label Hello Birds Records (Freaksville records) depuis le 15 octobre 2021. Persistence est le second volet du diptyque Fragments of a New Horizon. Un nouveau &hellip; <\/p>\n<p class=\"link-more\"><a href=\"https:\/\/ediptix.net\/fr\/47-2\/persistence\/\" class=\"more-link\">Continue reading<span class=\"screen-reader-text\"> \u00ab\u00a0Fragments of a new horizon &#8211; Persistence\u00a0\u00bb<\/span><\/a><\/p>\n","protected":false},"author":1,"featured_media":374,"parent":47,"menu_order":0,"comment_status":"closed","ping_status":"closed","template":"","meta":{"footnotes":""},"_links":{"self":[{"href":"https:\/\/ediptix.net\/fr\/wp-json\/wp\/v2\/pages\/387"}],"collection":[{"href":"https:\/\/ediptix.net\/fr\/wp-json\/wp\/v2\/pages"}],"about":[{"href":"https:\/\/ediptix.net\/fr\/wp-json\/wp\/v2\/types\/page"}],"author":[{"embeddable":true,"href":"https:\/\/ediptix.net\/fr\/wp-json\/wp\/v2\/users\/1"}],"replies":[{"embeddable":true,"href":"https:\/\/ediptix.net\/fr\/wp-json\/wp\/v2\/comments?post=387"}],"version-history":[{"count":12,"href":"https:\/\/ediptix.net\/fr\/wp-json\/wp\/v2\/pages\/387\/revisions"}],"predecessor-version":[{"id":405,"href":"https:\/\/ediptix.net\/fr\/wp-json\/wp\/v2\/pages\/387\/revisions\/405"}],"up":[{"embeddable":true,"href":"https:\/\/ediptix.net\/fr\/wp-json\/wp\/v2\/pages\/47"}],"wp:featuredmedia":[{"embeddable":true,"href":"https:\/\/ediptix.net\/fr\/wp-json\/wp\/v2\/media\/374"}],"wp:attachment":[{"href":"https:\/\/ediptix.net\/fr\/wp-json\/wp\/v2\/media?parent=387"}],"curies":[{"name":"wp","href":"https:\/\/api.w.org\/{rel}","templated":true}]}}