{"id":542,"date":"2022-11-22T21:16:44","date_gmt":"2022-11-22T20:16:44","guid":{"rendered":"https:\/\/ediptix.net\/fr\/?page_id=542"},"modified":"2023-01-20T15:48:54","modified_gmt":"2023-01-20T14:48:54","slug":"helen","status":"publish","type":"page","link":"https:\/\/ediptix.net\/fr\/47-2\/helen\/","title":{"rendered":"H.E.L.E.N. (2022)"},"content":{"rendered":"\n<h6 class=\"has-text-align-center wp-block-heading\">Human Extension through Linear Extrapolation of Nature, Un album sur le th\u00e8me d\u2019un exode fantastique en p\u00e9riode de pand\u00e9mie.<\/h6>\n\n\n\n<div class=\"wp-block-columns are-vertically-aligned-center is-layout-flex wp-container-core-columns-is-layout-1 wp-block-columns-is-layout-flex\">\n<div class=\"wp-block-column is-vertically-aligned-center is-layout-flow wp-block-column-is-layout-flow\">\n<figure class=\"wp-block-embed aligncenter is-type-rich is-provider-spotify wp-block-embed-spotify wp-embed-aspect-21-9 wp-has-aspect-ratio\"><div class=\"wp-block-embed__wrapper\">\n<iframe title=\"Spotify Embed: H.E.L.E.N.\" style=\"border-radius: 12px\" width=\"100%\" height=\"380\" frameborder=\"0\" allowfullscreen allow=\"autoplay; clipboard-write; encrypted-media; fullscreen; picture-in-picture\" loading=\"lazy\" src=\"https:\/\/open.spotify.com\/embed\/album\/3NdndCrlsl4lMdv090CVMR?utm_source=oembed\"><\/iframe>\n<\/div><\/figure>\n<\/div>\n\n\n\n<div class=\"wp-block-column is-vertically-aligned-center is-layout-flow wp-block-column-is-layout-flow\">\n<p>1 &#8211; Le constat (4&rsquo;42\u00a0\u00bb)<br>2 &#8211; Les indices (4&rsquo;51\u00a0\u00bb)<br>3 &#8211; Le prix de la libert\u00e9 (4&rsquo;42\u00a0\u00bb)<br>4 \u2013 Makers (5&rsquo;00\u00a0\u00bb)<br>5 &#8211; Le d\u00e9part (4&rsquo;32\u00a0\u00bb)<br>6 &#8211; Les emb\u00fbches (8&rsquo;06\u00a0\u00bb)<br>7 &#8211; La croisi\u00e8re (5&rsquo;44\u00a0\u00bb)<br>8 &#8211; Les bons moments (5&rsquo;25\u00a0\u00bb)<br>9 &#8211; Les conflits (5&rsquo;00\u00a0\u00bb)<br>10 &#8211; L&rsquo;\u00e9tat des lieux (4&rsquo;02\u00a0\u00bb)<br>11 &#8211; A bout de souffle (4&rsquo;52\u00a0\u00bb)<br>12 &#8211; L&rsquo;arriv\u00e9e (5&rsquo;32\u00a0\u00bb)<\/p>\n<\/div>\n<\/div>\n\n\n\n<p class=\"has-text-align-center\">Cet album est sorti sur les plateformes de streaming sous le label Hello Birds (Freaksville) le 15 ao\u00fbt 2022.<\/p>\n\n\n\n<hr class=\"wp-block-separator has-alpha-channel-opacity\"\/>\n\n\n\n<p><strong>E-dipti-X<\/strong> en est \u00e0 sa cinqui\u00e8me ann\u00e9e lorsque le confinement s\u2019impose \u00e0 l\u2019ensemble de l\u2019humanit\u00e9. C\u2019est dans ces conditions particuli\u00e8res que <strong>HELEN<\/strong> voit le jour. L\u2019id\u00e9e prend forme plus pr\u00e9cis\u00e9ment lors d\u2019un jogging, \u00e0 l\u2019\u00e9coute de l\u2019album Zzz de EatStatic et le souvenir r\u00e9cent de la lecture de l\u2019\u0153uvre d\u2019Isaac Asimov en t\u00eate.<\/p>\n\n\n\n<p>1 an apr\u00e8s la sortie de Fragments of a New Horizon, le duo poursuit son exploration de style et de m\u00e9thode de travail. Jusqu\u2019\u00e0 pr\u00e9sent le groupe trouvait la coh\u00e9rence de ses albums plut\u00f4t \u00e0 posteriori afin de laisser un maximum de place \u00e0 la spontan\u00e9it\u00e9. Et c\u2019est \u00e0 une seule reprise que le groupe s\u2019\u00e9tait pr\u00eat\u00e9 \u00e0 la composition sous contrainte avec son single Rewind en 2018 \u00e0 l\u2019occasion d\u2019un d\u00e9fi sur le web. Mais cette fois-ci, <strong>l\u2019album HELEN est construit autour d\u2019une histoire, d\u2019un fil rouge<\/strong>.<\/p>\n\n\n\n<p>H.E.L.E.N. pour Human Extension through Linear Extrapolation of Nature d\u00e9veloppera ainsi un th\u00e8me classique de la science-fiction, l\u2019exode de l\u2019humanit\u00e9 dans l\u2019espace. Ce sc\u00e9nario, s\u2019encre parfaitement dans la culture 80\u2019s du duo et au visuel spatial associ\u00e9e r\u00e9guli\u00e8rement aux concepts \u00e9lectros. Il offre le challenge de pouvoir d\u00e9velopper l\u2019\u00e9volution des sentiments des protagonistes entre le constat alarmiste et d\u00e9finitif de la fin de la civilisation et l\u2019arriv\u00e9e sur une plan\u00e8te vierge o\u00f9 tout pourra recommencer (Nephilion).<\/p>\n\n\n\n<p>Histoire totalement fictive, on ne peut s\u2019emp\u00eacher d\u2019identifier une r\u00e9sonnance avec l\u2019actualit\u00e9. Les probl\u00e8mes \u00e9cologiques, la situation sanitaire, les conflits \u00e0 l\u2019est, les progr\u00e8s dans le domaine spatial\u2026 Pour autant, il ne s\u2019agit nullement d\u2019une \u0153uvre morale m\u00eame si elle repose sur des fondements profonds qui peuvent inviter \u00e0 la r\u00e9flexion. Les \u0153uvres qui ont inspir\u00e9 ce concept donne \u00e0 notre duo un sentiment plut\u00f4t positif.<\/p>\n\n\n\n<p>Pourtant, la crise sanitaire a in\u00e9vitablement influenc\u00e9 l\u2019album. Bien entendu il y a l\u2019incertitude qui accompagnait le d\u00e9but de la pand\u00e9mie. Mais surtout le confinement a oblig\u00e9 le duo \u00e0 travailler \u00e0 distance, ce qui a men\u00e9 un travail bas\u00e9 sur des instruments virtuels permettant de travailler chacun de son c\u00f4t\u00e9&#8230; Et ce choix marque un changement radical dans une approche initialement bas\u00e9e sur l\u2019instrumentation physique (hardware).<\/p>\n\n\n\n<p>A l\u2019heure d\u2019\u00e9crire ces lignes le d\u00e9lai habituel pour la sortie de l\u2019album est largement d\u00e9pass\u00e9. Nous ne nous tiendrons pas aux 12 mois censurant le travail de l\u2019ann\u00e9e \u00e9coul\u00e9e. Aussi si cela s\u2019est \u00e9galement accompagn\u00e9 d\u2019un affaiblissement des activit\u00e9s sur les r\u00e9seaux sociaux, nous n\u2019en sommes pas moins actifs et avons initi\u00e9 en parall\u00e8le le concept 2022-2023.<\/p>\n\n\n\n<p>HELEN pr\u00e9c\u00e8dera ainsi en principe de quelques mois le set live d\u00e9di\u00e9 \u00e0 l\u2019exploration de la nouvelle plan\u00e8te \u00ab&nbsp;Nephilion&nbsp;\u00bb. Mais chhht, c\u2019est encore un secret\u2026<\/p>\n\n\n\n<p><\/p>\n","protected":false},"excerpt":{"rendered":"<p>Human Extension through Linear Extrapolation of Nature, Un album sur le th\u00e8me d\u2019un exode fantastique en p\u00e9riode de pand\u00e9mie. 1 &#8211; Le constat (4&rsquo;42\u00a0\u00bb)2 &#8211; Les indices (4&rsquo;51\u00a0\u00bb)3 &#8211; Le prix de la libert\u00e9 (4&rsquo;42\u00a0\u00bb)4 \u2013 Makers (5&rsquo;00\u00a0\u00bb)5 &#8211; Le d\u00e9part (4&rsquo;32\u00a0\u00bb)6 &#8211; Les emb\u00fbches (8&rsquo;06\u00a0\u00bb)7 &#8211; La croisi\u00e8re (5&rsquo;44\u00a0\u00bb)8 &#8211; Les bons moments (5&rsquo;25\u00a0\u00bb)9 &hellip; <\/p>\n<p class=\"link-more\"><a href=\"https:\/\/ediptix.net\/fr\/47-2\/helen\/\" class=\"more-link\">Continue reading<span class=\"screen-reader-text\"> \u00ab\u00a0H.E.L.E.N. (2022)\u00a0\u00bb<\/span><\/a><\/p>\n","protected":false},"author":1,"featured_media":504,"parent":47,"menu_order":0,"comment_status":"closed","ping_status":"closed","template":"template-full.php","meta":{"footnotes":""},"_links":{"self":[{"href":"https:\/\/ediptix.net\/fr\/wp-json\/wp\/v2\/pages\/542"}],"collection":[{"href":"https:\/\/ediptix.net\/fr\/wp-json\/wp\/v2\/pages"}],"about":[{"href":"https:\/\/ediptix.net\/fr\/wp-json\/wp\/v2\/types\/page"}],"author":[{"embeddable":true,"href":"https:\/\/ediptix.net\/fr\/wp-json\/wp\/v2\/users\/1"}],"replies":[{"embeddable":true,"href":"https:\/\/ediptix.net\/fr\/wp-json\/wp\/v2\/comments?post=542"}],"version-history":[{"count":8,"href":"https:\/\/ediptix.net\/fr\/wp-json\/wp\/v2\/pages\/542\/revisions"}],"predecessor-version":[{"id":559,"href":"https:\/\/ediptix.net\/fr\/wp-json\/wp\/v2\/pages\/542\/revisions\/559"}],"up":[{"embeddable":true,"href":"https:\/\/ediptix.net\/fr\/wp-json\/wp\/v2\/pages\/47"}],"wp:featuredmedia":[{"embeddable":true,"href":"https:\/\/ediptix.net\/fr\/wp-json\/wp\/v2\/media\/504"}],"wp:attachment":[{"href":"https:\/\/ediptix.net\/fr\/wp-json\/wp\/v2\/media?parent=542"}],"curies":[{"name":"wp","href":"https:\/\/api.w.org\/{rel}","templated":true}]}}