{"id":55,"date":"2020-09-19T16:44:12","date_gmt":"2020-09-19T14:44:12","guid":{"rendered":"https:\/\/ediptix.net\/?page_id=55"},"modified":"2020-09-29T21:20:30","modified_gmt":"2020-09-29T19:20:30","slug":"break-the-silence","status":"publish","type":"page","link":"https:\/\/ediptix.net\/fr\/47-2\/break-the-silence\/","title":{"rendered":"Break The Silence"},"content":{"rendered":"\n<h6 class=\"has-text-align-center wp-block-heading\">Break the Silence EST NOTRE PREMIER album. IL EST DISPONIBLE DANS SA TOTALITE SUR SoundCloud DEPUIS LE 29\/12\/2017.<\/h6>\n\n\n\n<div class=\"wp-block-columns is-layout-flex wp-container-core-columns-is-layout-1 wp-block-columns-is-layout-flex\">\n<div class=\"wp-block-column is-layout-flow wp-block-column-is-layout-flow\">\n<figure class=\"wp-block-embed-soundcloud wp-block-embed is-type-rich is-provider-soundcloud wp-embed-aspect-4-3 wp-has-aspect-ratio\"><div class=\"wp-block-embed__wrapper\">\n<iframe loading=\"lazy\" title=\"Ediptix 2017 : Break the Silence by EdiptiX\" width=\"760\" height=\"450\" scrolling=\"no\" frameborder=\"no\" src=\"https:\/\/w.soundcloud.com\/player\/?visual=true&#038;url=https%3A%2F%2Fapi.soundcloud.com%2Fplaylists%2F409803725&#038;show_artwork=true&#038;maxwidth=760&#038;maxheight=1000&#038;dnt=1\"><\/iframe>\n<\/div><\/figure>\n<\/div>\n\n\n\n<div class=\"wp-block-column is-vertically-aligned-center is-layout-flow wp-block-column-is-layout-flow\">\n<p>01 &#8211; The Awakening (5&rsquo;59)<br>02 &#8211; Warhammer (4&rsquo;54)<br>03 &#8211; Make Your Life A Journey (5&rsquo;41)<br>04 &#8211; Le r\u00eave (6&rsquo;35)<br>05 &#8211; Children (5&rsquo;19)<br>06 &#8211; My dear Ducky (4&rsquo;39)<br>07 &#8211; I think you (9&rsquo;44)<br>08 &#8211; Break The Silence (12&rsquo;41)<\/p>\n<\/div>\n<\/div>\n\n\n\n<p class=\"has-text-align-center\">Break the Silence est le r\u00e9sultat d&rsquo;une ann\u00e9e de travail, notre premi\u00e8re ann\u00e9e de collaboration. Cet album a \u00e9t\u00e9 principalement compos\u00e9 sur ordinateur apr\u00e8s avoir \u00e9labor\u00e9 les id\u00e9es sur des claviers.<br>Vous pouvez y entendre quelques apparitions du Korg Z1, Yamaha EX-7, Roland D-50 et Novation Mininova.<\/p>\n\n\n\n<p><strong>01 The Awakening<br><\/strong>Date de finalisation : Juillet 2017<\/p>\n\n\n\n<ul><li>Mat\u00e9riel : Cubase, Padshop, HaliOn<\/li><li>Auteur : NA<\/li><li>Compositeur : VicomtiX<\/li><li>Arrangements : VicomtiX<\/li><li>Chant : NA<\/li><\/ul>\n\n\n\n<pre class=\"wp-block-verse\">Anecdote : exp\u00e9rimentation de la fonctionnalit\u00e9 Chord de Cubase et du synth\u00e9 Padshop de Cubase.<\/pre>\n\n\n\n<hr class=\"wp-block-separator is-style-wide\"\/>\n\n\n\n<p><strong>02 Warhammer<br><\/strong>Date de finalisation : Septembre 2017<\/p>\n\n\n\n<ul><li>Mat\u00e9riel : Cubase, LoopMash, GrooveAgent, Izotop VocalSynth, Izotop Iris2, HaliOn<\/li><li>Auteur : Esynth<\/li><li>Compositeur : EdiptiX<\/li><li>Arrangements : EdiptiX<\/li><li>Chant : VicomtiX<\/li><\/ul>\n\n\n\n<pre class=\"wp-block-verse\">Anecdote : Premi\u00e8re utilisation du synth\u00e9 IRIS 2 d\u2019Izotope. Loopmash utilis\u00e9 plus en \u2018profondeur\u2019 (quelques customisations). Un des sons utilis\u00e9 de ce synth\u00e9 est Warhammer\u2026qui a donn\u00e9 le titre \u00e0 la chanson.<br>Btw Warhammer est aussi un jeu avec des figurines (soldats\/guerriers).<\/pre>\n\n\n\n<p>Lyrics :<br>U Don\u2019t even need to know<br>U Don\u2019t even need to bright<br>That\u2019s life, just be on your own<br>Not in burning screens, shun hot spotlights<\/p>\n\n\n\n<p>Live happy now<br>Your family is all<br>No matter how<br>Never let them fall<br>No never leave your friends<br>Keep circles in your hands<\/p>\n\n\n\n<p>You\u2019re not a Warhammer<br>Simple human on this earth<br>Let them be hot warriors<br>Fighting time and rebirth<br>No You\u2019re not a Warhammer<br>Simple human on this earth<br>Singing, living in your heart<br>They are in clouds, or worth<\/p>\n\n\n\n<hr class=\"wp-block-separator is-style-wide\"\/>\n\n\n\n<p><strong>03 Make Your Life A Journey<br><\/strong>Date de finalisation : Mai 2017<\/p>\n\n\n\n<ul><li>Mat\u00e9riel : Cubase, GrooveAgent, Izotop VocalSynth<\/li><li>Auteur : ML<\/li><li>Compositeur : VicomtiX<\/li><li>Arrangements : VicomtiX<\/li><li>Chant : VicomtiX<\/li><\/ul>\n\n\n\n<pre class=\"wp-block-verse\">Anecdote : Premi\u00e8re chanson dont l\u2019\u00e9criture commen\u00e7a en d\u00e9cembre 2016. Les paroles ont \u00e9t\u00e9 \u00e9crites en 1\/4h par ML un soir d\u2019hiver, lorsque le chat dormait sur le fauteuil et que les arbres \u00e9taient effeuill\u00e9s. Le th\u00e8me de la chanson est le couple et ses chamailleries quotidiennes et futiles que l\u2019on devrait remplacer par du bonheur et du laisser-aller \u00e9picurien pour faire de notre vie un agr\u00e9able voyage sur terre\u2026<br>La chanson qui a fait l\u2019objet du plus grand nombre de versions\/variations. Une version tr\u00e8s proche de la finale est dat\u00e9e du d\u00e9but mai 2017.<\/pre>\n\n\n\n<p>Lyrics :<br>Cat is on the seat . Threes are not green.<br>And i want to let u know.<br>This is the time where i want to leave.<br>And u dont want to know<\/p>\n\n\n\n<p>Everything is just one go.<br>Everything is just one go.<br>Make your life a journey<br>Make your life a journey<\/p>\n\n\n\n<p>Things are not real. Lifes on the screen.<br>And sadness is just your Law.<br>Twenty five years where i want to live.<br>And u dont want to know.<\/p>\n\n\n\n<p>Everything is just one go.<br>Everything is just one go.<br>Make your life a journey<br>Make your life a journey<\/p>\n\n\n\n<p>Face without a fear. Love is like a scream.<br>And faith is just a glow.<br>This is the day where I am not here<br>And u dont want to grow.<\/p>\n\n\n\n<p>Everything is just one go.<br>Everything is just one go.<br>Make your life a journey<br>Make your life a journey<\/p>\n\n\n\n<hr class=\"wp-block-separator is-style-wide\"\/>\n\n\n\n<p><strong>04 Le r\u00eave (Make down)<br><\/strong>Date de finalisation : Avril 2017<\/p>\n\n\n\n<ul><li>Mat\u00e9riel : Cubase, LoopMash, HaliOn<\/li><li>Auteur : K<\/li><li>Compositeur : VicomtiX<\/li><li>Arrangements : VicomtiX<\/li><li>Chant : VicomtiX<\/li><\/ul>\n\n\n\n<pre class=\"wp-block-verse\">Anecdote : Premi\u00e8re utilisation simple du Loopmash de Cubase. Les paroles sont extraites d\u2019un \u2018po\u00e8me\u2019 \u00e9crit par K pour un travail de classe.<br>Deuxi\u00e8me chanson \u00e9crite.<\/pre>\n\n\n\n<p>Lyrics :<br>Suppose que la vie soit un r\u00eave d\u2019o\u00f9 tu ne reviens pas<\/p>\n\n\n\n<p>Et que je te demande d\u2019arr\u00eater de r\u00eaver<\/p>\n\n\n\n<p>Pour que tu puisses enfin voir la r\u00e9alit\u00e9<\/p>\n\n\n\n<hr class=\"wp-block-separator is-style-wide\"\/>\n\n\n\n<p><strong>05 Children (Hermid)<br><\/strong>Date de finalisation : Ao\u00fbt 2017<\/p>\n\n\n\n<ul><li>Mat\u00e9riel : Cubase, LoopMash, GrooveAgent, Izotop VocalSynth, Izotop Iris2, Korg KaossPro3+<\/li><li>Auteur : Esynth<\/li><li>Compositeur : Esynth<\/li><li>Arrangements : VicomtiX<\/li><li>Chant : Esynth<\/li><\/ul>\n\n\n\n<pre class=\"wp-block-verse\">Anecdote : Initialement intitul\u00e9 Hermid. Le th\u00e8me du morceau porte sur le regard bienveillant et parfois impuissant d\u2019un adulte sur le monde d\u2019un ado.<\/pre>\n\n\n\n<p>Lyrics :<br>Beautiful children<br>Like growing seeds<br>Embracing the light<br>Dawning in good deeds<\/p>\n\n\n\n<p>No, You\u2019re not alone<\/p>\n\n\n\n<p>Sand particle on the beach<br>You feel ridiculous and you whish<\/p>\n\n\n\n<hr class=\"wp-block-separator is-style-wide\"\/>\n\n\n\n<p><strong>06 My dear Ducky (Var Z1)<br><\/strong>Date de finalisation : Ao\u00fbt 2017<\/p>\n\n\n\n<ul><li>Mat\u00e9riel : Cubase, LoopMash, Izotop VocalSynth, Izotop Iris2, HaliOn, Vocoder Novation Mini, Yamaha EX7 (Oasis sound)<\/li><li>Auteur : Esynth<\/li><li>Compositeur : Esynth<\/li><li>Arrangements : VicomtiX<\/li><li>Chant : EdipiX<\/li><\/ul>\n\n\n\n<pre class=\"wp-block-verse\">Anecdote : Initialement intitul\u00e9 Var Z1 pour variations r\u00e9alis\u00e9es sur le Korg Z1. My Dear Ducky est un hommage \u00e0 mon groupe pr\u00e9c\u00e9dant racontant l\u2019errance du personnage dans l\u2019univers de cet album trop vite oubli\u00e9.<br>A l\u2019origine le morceau voulait s\u2019inspirer d\u2019un de mes morceaux favoris dans mon ancien groupe.<br>Au final, comme souvent le morceau n\u2019a plus rien \u00e0 voir et c\u2019est d\u2019autant mieux.<\/pre>\n\n\n\n<p>Lyrics :<br>My dear Ducky<br>Did you ever reach<br>These Little Mountains<br>Of your Summer Dreams?<\/p>\n\n\n\n<p>Look at (these) Black-Doves<br>Blinded by Amethyst glare<br>Lost in Factory Fire<br>Under Hooded-Moon<\/p>\n\n\n\n<p>For all the things I never said<br>For all the things I never did<br>For all the things I still regret<br>Nostalgy has no limit \/ is killing me<\/p>\n\n\n\n<p>For all the things I can\u2019t\/never say<br>For all the things I can\u2019t\/never do<br>All the things I will regret<br>Melancholia takes me<\/p>\n\n\n\n<hr class=\"wp-block-separator is-style-wide\"\/>\n\n\n\n<p><strong>07 I think you (Dark slow)<br><\/strong>Date de finalisation : 29 d\u00e9cembre 2017<\/p>\n\n\n\n<ul><li>Mat\u00e9riel : Cubase, GrooveAgent, Izotop VocalSynth, HaliOn<\/li><li>Auteur : Esynth<\/li><li>Compositeur : EdipiX<\/li><li>Arrangements : EdipiX<\/li><li>Chant : VicomtiX<\/li><\/ul>\n\n\n\n<pre class=\"wp-block-verse\">Anecdote : Ce morceau est le dernier que nous avons r\u00e9alis\u00e9 en 2017 et a \u00e9t\u00e9 boucl\u00e9 en 2 semaines.<br>Une premi\u00e8re \u00e9bauche \u00e9tait disponible mais en version tr\u00e8s brouillon.<br>Initialement intitul\u00e9 Dark Slow il se voulait lent et sombre et durait 12 minutes.<br>Au final le morceau dure 9 minutes et la seconde partie fera tr\u00e8s certainement l\u2019objet d\u2019un ou plusieurs nouveaux morceaux.<br>I think U est un jeu de mot entre remerciement et pens\u00e9e \u00e0 mes groupes ant\u00e9rieurs.<br>Les paroles veulent ainsi boucler avec gratitude une p\u00e9riode aujourd\u2019hui r\u00e9solument derri\u00e8re moi.<\/pre>\n\n\n\n<p>Lyrics :<br>One day there was a guy, playing on electronic fields,<br>This way I found my style, progressive sound I mean,<\/p>\n\n\n\n<p>The Audience was listening, but human were not so strong,<br>Black Doves tried flying away, forget you were too young,<\/p>\n\n\n\n<p>Dreaming of 60-70\u2019s sound, Dark side of our imagined insouciance (youth),<br>Pink dated space all around, imitating to hide our ignorance,<\/p>\n\n\n\n<p>Hooded Moon was shining, inspiration has been found,<br>King Jupiter is dead, take him out of your head,<\/p>\n\n\n\n<p>Whatever the Destination, all things set in Memories,<br>Ediptix is now my reason, your culture will persist me.<\/p>\n\n\n\n<hr class=\"wp-block-separator is-style-wide\"\/>\n\n\n\n<p><strong>08 Break The Silence<br><\/strong>Date de finalisation : d\u00e9cembre 2017<\/p>\n\n\n\n<ul><li>Mat\u00e9riel : Cubase, LoopMash, GrooveAgent, Izotop VocalSynth, Izotop Iris2, Korg Z1 \/ Zaquencer, Yamaha EX7<\/li><li>Auteur : Esynth<\/li><li>Compositeur : EdipiX<\/li><li>Arrangements : EdipiX<\/li><li>Chant : VicomtiX<\/li><\/ul>\n\n\n\n<pre class=\"wp-block-verse\">Anecdote : Ce morceau se voulait originalement sombre et puissant.<br>Il a naturellement \u00e9volu\u00e9 vers quelque chose de sans doute plus accessible en b\u00e9n\u00e9ficiant de la d\u00e9couverte du groupe Die Antwoord.<br>Il ne faut certainement pas chercher de lien, mais j\u2019ai voulu exp\u00e9rimenter un chant que je qualifie de plus rap, au sens plus parl\u00e9.<br>Au final il introduit une certaine vari\u00e9t\u00e9 de chants et une progressivit\u00e9 marqu\u00e9e.<br>Le sujet semble \u00e9vident et traite de l\u2019\u00e9panouissement personnel d\u2019un personnage introverti au travers de la musique.<br>C\u2019est sans conteste le morceau qui nous aura pris le plus de temps. C\u2019est aussi le plus long de l\u2019album avec ses 12 minutes.<\/pre>\n\n\n\n<p>Lyrics :<br>Murmur in the broad ocean of illusion<br>Raindrops are slapping on the surface (my face?)<br>Whispering to my ears, I dream<br>Start leading up, I wake up<\/p>\n\n\n\n<p>The thunder is rolling<br>I tear the silence up<\/p>\n\n\n\n<p>Listening to this shout<br>Suddenly, I\u2019m blooming<br>Within the muffled noise<br>I\u2019m around a little bit more<\/p>\n\n\n\n<p>Under sliding chalk stick<br>The blackboard is squeaking<br>From all these expression ways<br>I choose the sound<\/p>\n\n\n\n<p>The thunder is rolling<br>I tear the silence up<\/p>\n\n\n\n<p>Before being audible<br>I tried to find myself<br>Shy kid in the crowd<br>I had to prove to myself<\/p>\n\n\n\n<p>My voice just like yours<br>Deserves his place<br>But in front of ourselves<br>We have to dare facing<\/p>\n\n\n\n<p>The thunder is rolling<br>I tear the silence up<\/p>\n\n\n\n<p>Singing makes me free<br>This way my success emerges<br>Also to live well<br>Do what you like<br>My heart goes into panic (my heart gets panic?)<br>The scene has called me<br>My doubts are flying away<br>I like so much sharing with you<\/p>\n","protected":false},"excerpt":{"rendered":"<p>Break the Silence EST NOTRE PREMIER album. IL EST DISPONIBLE DANS SA TOTALITE SUR SoundCloud DEPUIS LE 29\/12\/2017. 01 &#8211; The Awakening (5&rsquo;59)02 &#8211; Warhammer (4&rsquo;54)03 &#8211; Make Your Life A Journey (5&rsquo;41)04 &#8211; Le r\u00eave (6&rsquo;35)05 &#8211; Children (5&rsquo;19)06 &#8211; My dear Ducky (4&rsquo;39)07 &#8211; I think you (9&rsquo;44)08 &#8211; Break The Silence (12&rsquo;41) &hellip; <\/p>\n<p class=\"link-more\"><a href=\"https:\/\/ediptix.net\/fr\/47-2\/break-the-silence\/\" class=\"more-link\">Continue reading<span class=\"screen-reader-text\"> \u00ab\u00a0Break The Silence\u00a0\u00bb<\/span><\/a><\/p>\n","protected":false},"author":1,"featured_media":112,"parent":47,"menu_order":0,"comment_status":"closed","ping_status":"closed","template":"template-full.php","meta":{"footnotes":""},"_links":{"self":[{"href":"https:\/\/ediptix.net\/fr\/wp-json\/wp\/v2\/pages\/55"}],"collection":[{"href":"https:\/\/ediptix.net\/fr\/wp-json\/wp\/v2\/pages"}],"about":[{"href":"https:\/\/ediptix.net\/fr\/wp-json\/wp\/v2\/types\/page"}],"author":[{"embeddable":true,"href":"https:\/\/ediptix.net\/fr\/wp-json\/wp\/v2\/users\/1"}],"replies":[{"embeddable":true,"href":"https:\/\/ediptix.net\/fr\/wp-json\/wp\/v2\/comments?post=55"}],"version-history":[{"count":4,"href":"https:\/\/ediptix.net\/fr\/wp-json\/wp\/v2\/pages\/55\/revisions"}],"predecessor-version":[{"id":193,"href":"https:\/\/ediptix.net\/fr\/wp-json\/wp\/v2\/pages\/55\/revisions\/193"}],"up":[{"embeddable":true,"href":"https:\/\/ediptix.net\/fr\/wp-json\/wp\/v2\/pages\/47"}],"wp:featuredmedia":[{"embeddable":true,"href":"https:\/\/ediptix.net\/fr\/wp-json\/wp\/v2\/media\/112"}],"wp:attachment":[{"href":"https:\/\/ediptix.net\/fr\/wp-json\/wp\/v2\/media?parent=55"}],"curies":[{"name":"wp","href":"https:\/\/api.w.org\/{rel}","templated":true}]}}