{"id":57,"date":"2020-09-19T16:45:09","date_gmt":"2020-09-19T14:45:09","guid":{"rendered":"https:\/\/ediptix.net\/?page_id=57"},"modified":"2020-09-30T22:45:49","modified_gmt":"2020-09-30T20:45:49","slug":"analog-exploration-of-acuriosity-cabinet","status":"publish","type":"page","link":"https:\/\/ediptix.net\/fr\/47-2\/analog-exploration-of-acuriosity-cabinet\/","title":{"rendered":"Analog Exploration Of A Curiosity Cabinet"},"content":{"rendered":"\n<h6 class=\"has-text-align-center wp-block-heading\">Analog Exploration of a Curiosity Cabinet EST NOTRE second album PUBLIE EN DecembRE 2018.<\/h6>\n\n\n\n<div class=\"wp-block-columns are-vertically-aligned-center is-layout-flex wp-container-core-columns-is-layout-1 wp-block-columns-is-layout-flex\">\n<div class=\"wp-block-column is-vertically-aligned-center is-layout-flow wp-block-column-is-layout-flow\">\n<figure class=\"wp-block-embed-spotify aligncenter wp-block-embed is-type-rich is-provider-spotify wp-embed-aspect-9-16 wp-has-aspect-ratio\"><div class=\"wp-block-embed__wrapper\">\n<iframe title=\"Spotify Embed: Analog Exploration of a Curiosity Cabinet\" style=\"border-radius: 12px\" width=\"100%\" height=\"380\" frameborder=\"0\" allowfullscreen allow=\"autoplay; clipboard-write; encrypted-media; fullscreen; picture-in-picture\" loading=\"lazy\" src=\"https:\/\/open.spotify.com\/embed\/album\/08YfORaTeBCJoWNbg0mhvO?si=JI7dBFo9T1e0i_l80MhazA&#038;utm_source=oembed\"><\/iframe>\n<\/div><\/figure>\n<\/div>\n\n\n\n<div class=\"wp-block-column is-vertically-aligned-center is-layout-flow wp-block-column-is-layout-flow\">\n<p>1 Overture 4:36<br>2 Funkytar 7:39<br>3 Digi Door 5:19<br>4 A New Start 6:43<br>5 Airplane 7:37<br>6 Rack Time 8:57<br>7 Micron Phone 7:25<br>8 Entourloop 2:52<br>9 Am\u00e9lie Requiem 4:58<br>10 Slowneliness 6:43<br>11 Violins Rain 6:35<br>12 Odd Syn 11:34<br>13 A New Start (Instrumental) 6:43<\/p>\n<\/div>\n<\/div>\n\n\n\n<p class=\"has-text-align-center\">Cet album est notre premi\u00e8re publication sur les plateformes de streaming sous le label Freaksville records (20 D\u00e9cembre 2019).<\/p>\n\n\n\n<p><strong>01 Overture<br><\/strong>Date de cr\u00e9ation : 01-08-18<br>Date de finalisation : 01-08-18<\/p>\n\n\n\n<ul><li>Instruments : OP-1, Novation MiniNova, Korg Z1, Cubase<\/li><li>Samples : 2001 l\u2019Odyss\u00e9e de l\u2019Espace \u2018Open the Pod HAL\u2019<\/li><li>Musique : EdiptiX<\/li><li>Paroles : N\/A<\/li><li>Chant : N\/A<\/li><\/ul>\n\n\n\n<pre class=\"wp-block-verse\">Anecdote : Esynth r\u00eavait de faire quelque chose avec un de ses films f\u00e9tiches \u20182001 l\u2019odyss\u00e9e de l\u2019Espace\u2019. C\u2019est chose faite!<\/pre>\n\n\n\n<hr class=\"wp-block-separator is-style-wide\"\/>\n\n\n\n<p><strong>02 Funky Guitar (Funkytar)<br><\/strong>Date de cr\u00e9ation : 01-05-18<br>Date de finalisation : 01-10-18<\/p>\n\n\n\n<ul><li>Instruments : Roland D50, Yamaha EX7, Waldorf \u00b5Q, Novation MiniNova Cubase, GrooveAgent 4, HALion Symphonic Orchestra, Triebwerk, hALion 6, Padshop, The Grand 3<\/li><li>Samples : Brass Riff, Guitar Loop, Disco Crow<\/li><li>Musique : EdiptiX<\/li><li>Paroles : N\/A<\/li><li>Chant : N\/A<\/li><\/ul>\n\n\n\n<pre class=\"wp-block-verse\">Anecdote : Ce morceau combine 2 id\u00e9es originellement distinctes:<br>(1) une chanson avec un riff guitar disco\/funky un peu comme Daft Punk le fait dans \u2018Get Lucky\u2019 et<br>(2) un morceau qui utlise le VST symphonic de Absolute 3 de Steinberg que je venais d\u2019acqu\u00e9rir.<br><br>Finalement tout est dans un morceau au lieu de deux. Bon, le sample de guitare est un peu tritur\u00e9 et il n\u2019est plus tout \u00e0 fait funky. Ne reste que le titre\u2026 \u00e0 voir!!<\/pre>\n\n\n\n<hr class=\"wp-block-separator is-style-wide\"\/>\n\n\n\n<p><strong>03 Digi Door<br><\/strong>Date de cr\u00e9ation : 01-03-18<br>Date de finalisation : 01-09-18<\/p>\n\n\n\n<ul><li>Instruments : Waldorf \u00b5Q, Alesis Micron, Novation MiniNova Cubase, GrooveAgent 4<\/li><li>Samples :<\/li><li>Musique : EdiptiX<\/li><li>Paroles : N\/A<\/li><li>Chant : N\/A<\/li><\/ul>\n\n\n\n<pre class=\"wp-block-verse\">Anecdote : Ancienne composition d\u2019Esynth resortie de ses cartons et revisit\u00e9e fa\u00e7on E-Dipti-X.<\/pre>\n\n\n\n<hr class=\"wp-block-separator is-style-wide\"\/>\n\n\n\n<p><strong>04 New Start<br><\/strong>Date de cr\u00e9ation : 01-07-17<br>Date de finalisation : 01-09-18<\/p>\n\n\n\n<ul><li>Instruments : Novation MiniNova Cubase, GrooveAgent 4, Hypnotic Dance, HALion 2, Halion Sonic SE<\/li><li>Samples :<\/li><li>Musique : EdiptiX<\/li><li>Paroles : Esynth<\/li><li>Chant : VicomtiX<\/li><\/ul>\n\n\n\n<pre class=\"wp-block-verse\">Anecdote : Ancienne composition d\u2019Esynth ressortie de ses cartons et revisit\u00e9e fa\u00e7on E-Dipti-X. Le morceau le plus joyeux et optimiste de l\u2019album.<\/pre>\n\n\n\n<hr class=\"wp-block-separator is-style-wide\"\/>\n\n\n\n<p><strong>05 Airplane<br><\/strong>Date de cr\u00e9ation : 01-05-18<br>Date de finalisation : 01-10-18<\/p>\n\n\n\n<ul><li>Instruments : Novation MiniNova, Waldorf \u00b5Q Cubase, GrooveAgent 4, HALion 6<\/li><li>Samples : Surdo, Tenor Drum<\/li><li>Musique : EdiptiX<\/li><li>Paroles : N\/A<\/li><li>Chant : N\/A<\/li><\/ul>\n\n\n\n<pre class=\"wp-block-verse\">Anecdote : Un morceau qui symbolise un voyage en avion: du d\u00e9collage \u00e0 l\u2019atterissage, on plane dans les synth\u00e9s physiques ou virtuels avec une petite incursion tribale<\/pre>\n\n\n\n<hr class=\"wp-block-separator is-style-wide\"\/>\n\n\n\n<p><strong>06 Rack Time<br><\/strong>Date de cr\u00e9ation : 01-06-18<br>Date de finalisation : 01-10-18<\/p>\n\n\n\n<ul><li>Instruments : Syncussion DMR-1, Arturia MiniBrute, Novation MiniNova Cubase, GrooveAgent 4, HALion 6<\/li><li>Samples :<\/li><li>Musique : EdiptiX<\/li><li>Paroles : N\/A<\/li><li>Chant : N\/A<\/li><\/ul>\n\n\n\n<pre class=\"wp-block-verse\">Anecdote : Le titre initial \u00e9tait Ragtime inspir\u00e9 par un air jou\u00e9 au piano. Il \u2018d\u00e9g\u00e9n\u00e8re\u2019 en Rack time puisque nous utilisons les synth\u00e9s au format \u2018rack\u2019 d\u2019Esynth. Merci Waldorf!<\/pre>\n\n\n\n<hr class=\"wp-block-separator is-style-wide\"\/>\n\n\n\n<p><strong>07 Micron Phone<br><\/strong>Date de cr\u00e9ation : 01-02-18<br>Date de finalisation : 01-10-18<\/p>\n\n\n\n<ul><li>Instruments : Alesis Micron, Novation MiniNova, Waldorf \u00b5Q, DSI Evolver Cubase, GrooveAgent 4, HALion Sonic<\/li><li>Samples :<\/li><li>Musique : EdiptiX<\/li><li>Paroles : N\/A<\/li><li>Chant : N\/A<\/li><\/ul>\n\n\n\n<pre class=\"wp-block-verse\">Anecdote : Le titre du morceau provient du principal instrument utilis\u00e9 pour le compos\u00e9, l\u2019Alesis Micron, derni\u00e8re acquisition d\u2019Esynth. Faut en profiter tant qu\u2019il fonctionne\u2026<\/pre>\n\n\n\n<hr class=\"wp-block-separator is-style-wide\"\/>\n\n\n\n<p><strong>08 Entoureloop<br><\/strong>Date de cr\u00e9ation : 01-06-18<br>Date de finalisation : 01-10-18<\/p>\n\n\n\n<ul><li>Instruments : Boss RC-505 Cubase, GrooveAgent 4<\/li><li>Samples :<\/li><li>Musique : EdiptiX<\/li><li>Paroles : N\/A<\/li><li>Chant : N\/A<\/li><\/ul>\n\n\n\n<pre class=\"wp-block-verse\">Anecdote : Tiens encore des samples qui trainaient dans le RC-505\u2026enregistr\u00e9s lors d\u2019une jam (quand? myst\u00e8re), on ne va tout de m\u00eame pas les jetter surtout quand ils donnent ce petit morceau ent\u00eatant.<\/pre>\n\n\n\n<hr class=\"wp-block-separator is-style-wide\"\/>\n\n\n\n<p><strong>09 Am\u00e9lie Requiem<br><\/strong>Date de cr\u00e9ation : 01-07-18<br>Date de finalisation : 01-09-18<\/p>\n\n\n\n<ul><li>Instruments : Roland D50, Korg Z1 Cubase, GrooveAgent 4, HALion 6, Dark Planet<\/li><li>Samples : FX<\/li><li>Musique : EdiptiX<\/li><li>Paroles : N\/A<\/li><li>Chant : N\/A<\/li><\/ul>\n\n\n\n<pre class=\"wp-block-verse\">Anecdote : Ancienne composition d\u2019Esynth resortie de ses cartons et revisit\u00e9e fa\u00e7on E-Dipti-X. Mais qui est Am\u00e9lie? Une ancienne conqu\u00eate d\u2019Esynth? Un phantasme? Am\u00e9lie Nothomb? Am\u00e9lie Poulain? Personne? Une co\u00efncidence? Peu importe, la voil\u00e0 honor\u00e9e par son requiem. Paix \u00e0 son \u00e2me!<\/pre>\n\n\n\n<hr class=\"wp-block-separator is-style-wide\"\/>\n\n\n\n<p><strong>10 Slowneliness<br><\/strong>Date de cr\u00e9ation : 01-01-18<br>Date de finalisation : 01-02-18<\/p>\n\n\n\n<ul><li>Instruments : Boss RC-505, Roland GAIA SH-01, Roland D50, Yamaha EX7, Arturia MninBrute Cubase, GrooveAgent 4<\/li><li>Samples :<\/li><li>Musique : EdiptiX<\/li><li>Paroles : N\/A<\/li><li>Chant : N\/A<\/li><\/ul>\n\n\n\n<pre class=\"wp-block-verse\">Anecdote : Ce morceau est notre version de \u2018Vice et Versa\u2019 de Tranxen 200 (les Inconnus)\u2026 enfin plus vraiment. Nous sommes partis sur l\u2019id\u00e9e de faire une reprise de ce titre. En s\u2019\u00e9chauffant sur les machines, nous avons enregistr\u00e9s quelques loops sur le RC-505 qu\u2019Esynth venait de s\u2019offrir. Quelques temps plus tard on les a emball\u00e9es dans les beats (fallait bien aussi essay\u00e9 le GA 4 pour la premi\u00e8re fois). Ce morceau est le premier compos\u00e9 pour notre second album.<\/pre>\n\n\n\n<hr class=\"wp-block-separator is-style-wide\"\/>\n\n\n\n<p><strong>11 Violins Rain<br><\/strong>Date de cr\u00e9ation : 01-07-18<br>Date de finalisation : 01-10-18<\/p>\n\n\n\n<ul><li>Instruments : Waldorf Streichfett, Novation MiniNova, Roland D50 Cubase, HALion Sonic<\/li><li>Samples : Distant thunder, Heavy thunder, Light Rain, Rain Droplets<\/li><li>Musique : EdiptiX<\/li><li>Paroles : N\/A<\/li><li>Chant : N\/A<\/li><\/ul>\n\n\n\n<pre class=\"wp-block-verse\">Anecdote : Ancienne composition d\u2019Esynth ressortie de ses cartons et revisit\u00e9e fa\u00e7on E-Dipti-X. Un morceau aux sonorit\u00e9s rappelant l\u2019orgue de barbarie ou l\u2019univers du cirque et des foires du d\u00e9but du XX\u00e8me si\u00e8cle. On ignore quelle est la cr\u00e9ature dont le cri transperce les t\u00e9n\u00e8bres.<\/pre>\n","protected":false},"excerpt":{"rendered":"<p>Analog Exploration of a Curiosity Cabinet EST NOTRE second album PUBLIE EN DecembRE 2018. 1 Overture 4:362 Funkytar 7:393 Digi Door 5:194 A New Start 6:435 Airplane 7:376 Rack Time 8:577 Micron Phone 7:258 Entourloop 2:529 Am\u00e9lie Requiem 4:5810 Slowneliness 6:4311 Violins Rain 6:3512 Odd Syn 11:3413 A New Start (Instrumental) 6:43 Cet album est &hellip; <\/p>\n<p class=\"link-more\"><a href=\"https:\/\/ediptix.net\/fr\/47-2\/analog-exploration-of-acuriosity-cabinet\/\" class=\"more-link\">Continue reading<span class=\"screen-reader-text\"> \u00ab\u00a0Analog Exploration Of A Curiosity Cabinet\u00a0\u00bb<\/span><\/a><\/p>\n","protected":false},"author":1,"featured_media":104,"parent":47,"menu_order":0,"comment_status":"closed","ping_status":"closed","template":"template-full.php","meta":{"footnotes":""},"_links":{"self":[{"href":"https:\/\/ediptix.net\/fr\/wp-json\/wp\/v2\/pages\/57"}],"collection":[{"href":"https:\/\/ediptix.net\/fr\/wp-json\/wp\/v2\/pages"}],"about":[{"href":"https:\/\/ediptix.net\/fr\/wp-json\/wp\/v2\/types\/page"}],"author":[{"embeddable":true,"href":"https:\/\/ediptix.net\/fr\/wp-json\/wp\/v2\/users\/1"}],"replies":[{"embeddable":true,"href":"https:\/\/ediptix.net\/fr\/wp-json\/wp\/v2\/comments?post=57"}],"version-history":[{"count":10,"href":"https:\/\/ediptix.net\/fr\/wp-json\/wp\/v2\/pages\/57\/revisions"}],"predecessor-version":[{"id":342,"href":"https:\/\/ediptix.net\/fr\/wp-json\/wp\/v2\/pages\/57\/revisions\/342"}],"up":[{"embeddable":true,"href":"https:\/\/ediptix.net\/fr\/wp-json\/wp\/v2\/pages\/47"}],"wp:featuredmedia":[{"embeddable":true,"href":"https:\/\/ediptix.net\/fr\/wp-json\/wp\/v2\/media\/104"}],"wp:attachment":[{"href":"https:\/\/ediptix.net\/fr\/wp-json\/wp\/v2\/media?parent=57"}],"curies":[{"name":"wp","href":"https:\/\/api.w.org\/{rel}","templated":true}]}}