{"id":63,"date":"2020-09-19T16:46:07","date_gmt":"2020-09-19T14:46:07","guid":{"rendered":"https:\/\/ediptix.net\/?page_id=63"},"modified":"2020-09-29T21:33:36","modified_gmt":"2020-09-29T19:33:36","slug":"hommages","status":"publish","type":"page","link":"https:\/\/ediptix.net\/fr\/47-2\/hommages\/","title":{"rendered":"Hommages"},"content":{"rendered":"\n<div class=\"wp-block-columns are-vertically-aligned-center is-layout-flex wp-container-core-columns-is-layout-1 wp-block-columns-is-layout-flex\">\n<div class=\"wp-block-column is-vertically-aligned-center is-layout-flow wp-block-column-is-layout-flow\">\n<figure class=\"wp-block-embed-soundcloud aligncenter wp-block-embed is-type-rich is-provider-soundcloud wp-embed-aspect-4-3 wp-has-aspect-ratio\"><div class=\"wp-block-embed__wrapper\">\n<iframe loading=\"lazy\" title=\"Hommages by EdiptiX\" width=\"760\" height=\"400\" scrolling=\"no\" frameborder=\"no\" src=\"https:\/\/w.soundcloud.com\/player\/?visual=true&#038;url=https%3A%2F%2Fapi.soundcloud.com%2Ftracks%2F670464737&#038;show_artwork=true&#038;maxwidth=760&#038;maxheight=1000&#038;dnt=1\"><\/iframe>\n<\/div><\/figure>\n<\/div>\n\n\n\n<div class=\"wp-block-column is-vertically-aligned-center is-layout-flow wp-block-column-is-layout-flow\">\n<p>Cette chanson rend hommage \u00e0 ces hommes et ces femmes qui ont conquis l&rsquo;espace&#8230; et continuent cette mission, aspirant \u00e0 d\u00e9couvrir les origines de la vie et les sens de l\u2019humanit\u00e9.<\/p>\n\n\n\n<p>Un m\u00e9lange d\u2019instruments issu d\u2019un orchestre classique et des sons synth\u00e9tiques incarnent la vacuit\u00e9 intemporelle et permanente de l\u2019espace ainsi que la technologie de pointe n\u00e9cessaire \u00e0 l\u2019exploration de cet infini hostile.<\/p>\n\n\n\n<p>Avec un saupoudrage subtile de \u00ab We choose to go to the moon \u00bb.<\/p>\n<\/div>\n<\/div>\n\n\n\n<h6 class=\"wp-block-heading\">ExtraIts DU DISCOURS DU PRESIDENT JOHN KENNEDY AU RICE STADIUM: \u00ab\u00a0MOON SPEECH\u00a0\u00bb<br>DU 12 SeptembrE 1962<\/h6>\n\n\n\n<blockquote class=\"wp-block-quote is-layout-flow wp-block-quote-is-layout-flow\"><p>I am delighted to be here<br>The vast stretches of the unknown, and the unfinished still far outstrip<br>The 50,000 years of mans recorded history,<br>Man emerged from his caves, man learned to write and use the steam engine, electric lights telephones automobiles airplanes television nuclear power<br>Create new ills new ignorance new problems, new dangers<br>Moved forward so<br>His quest for knowledge<br>Is one of the great adventures of all time<br>We mean to be a part of it\u2013we mean to lead it<br>It will become a force for<br>Why climb the highest mountain<br>We choose to go to the moon, not because they are easy, but because they are hard, because that goal will serve, the best of our energies and skills<br>We do not intend to stay behind<\/p><\/blockquote>\n","protected":false},"excerpt":{"rendered":"<p>Cette chanson rend hommage \u00e0 ces hommes et ces femmes qui ont conquis l&rsquo;espace&#8230; et continuent cette mission, aspirant \u00e0 d\u00e9couvrir les origines de la vie et les sens de l\u2019humanit\u00e9. Un m\u00e9lange d\u2019instruments issu d\u2019un orchestre classique et des sons synth\u00e9tiques incarnent la vacuit\u00e9 intemporelle et permanente de l\u2019espace ainsi que la technologie de &hellip; <\/p>\n<p class=\"link-more\"><a href=\"https:\/\/ediptix.net\/fr\/47-2\/hommages\/\" class=\"more-link\">Continue reading<span class=\"screen-reader-text\"> \u00ab\u00a0Hommages\u00a0\u00bb<\/span><\/a><\/p>\n","protected":false},"author":1,"featured_media":116,"parent":47,"menu_order":0,"comment_status":"closed","ping_status":"closed","template":"template-full.php","meta":{"footnotes":""},"_links":{"self":[{"href":"https:\/\/ediptix.net\/fr\/wp-json\/wp\/v2\/pages\/63"}],"collection":[{"href":"https:\/\/ediptix.net\/fr\/wp-json\/wp\/v2\/pages"}],"about":[{"href":"https:\/\/ediptix.net\/fr\/wp-json\/wp\/v2\/types\/page"}],"author":[{"embeddable":true,"href":"https:\/\/ediptix.net\/fr\/wp-json\/wp\/v2\/users\/1"}],"replies":[{"embeddable":true,"href":"https:\/\/ediptix.net\/fr\/wp-json\/wp\/v2\/comments?post=63"}],"version-history":[{"count":4,"href":"https:\/\/ediptix.net\/fr\/wp-json\/wp\/v2\/pages\/63\/revisions"}],"predecessor-version":[{"id":195,"href":"https:\/\/ediptix.net\/fr\/wp-json\/wp\/v2\/pages\/63\/revisions\/195"}],"up":[{"embeddable":true,"href":"https:\/\/ediptix.net\/fr\/wp-json\/wp\/v2\/pages\/47"}],"wp:featuredmedia":[{"embeddable":true,"href":"https:\/\/ediptix.net\/fr\/wp-json\/wp\/v2\/media\/116"}],"wp:attachment":[{"href":"https:\/\/ediptix.net\/fr\/wp-json\/wp\/v2\/media?parent=63"}],"curies":[{"name":"wp","href":"https:\/\/api.w.org\/{rel}","templated":true}]}}